{"id":11,"date":"2012-02-22T14:06:07","date_gmt":"2012-02-22T13:06:07","guid":{"rendered":"http:\/\/hdir-2.hdir.hr\/?page_id=11"},"modified":"2012-02-23T17:32:02","modified_gmt":"2012-02-23T16:32:02","slug":"organization","status":"publish","type":"page","link":"https:\/\/hdir-2.hdir.hr\/?page_id=11","title":{"rendered":"Organization"},"content":{"rendered":"<h4 style=\"text-align: center;\"><a title=\"Hrvatsko dru\u0161tvo za istra\u017eivanje raka\" href=\"http:\/\/www.hdir.hr\/\" target=\"_blank\"><img loading=\"lazy\" decoding=\"async\" class=\"aligncenter  wp-image-170\" title=\"HDIR\" src=\"http:\/\/hdir-2.hdir.hr\/wp-content\/uploads\/2012\/02\/HDIR-300x180.jpg\" alt=\"Hrvatsko dru\u0161tvo za istra\u017eivanje raka\" width=\"126\" height=\"76\" srcset=\"https:\/\/hdir-2.hdir.hr\/wp-content\/uploads\/2012\/02\/HDIR-300x180.jpg 300w, https:\/\/hdir-2.hdir.hr\/wp-content\/uploads\/2012\/02\/HDIR.jpg 316w\" sizes=\"auto, (max-width: 126px) 100vw, 126px\" \/><\/a><\/h4>\n<h4 style=\"text-align: center;\"><em>Scientific Committee<\/em><\/h4>\n<h4 style=\"text-align: center;\">Sonja Levanat<\/h4>\n<h4 style=\"text-align: center;\">Biserka Nagy<\/h4>\n<h4 style=\"text-align: center;\">Damir Eljuga<\/h4>\n<h4 style=\"text-align: center;\">Maja Osmak<\/h4>\n<h4 style=\"text-align: center;\">Neda Slade<\/h4>\n<h4 style=\"text-align: center;\">Maja Herak Bosnar<\/h4>\n<p>&nbsp;<\/p>\n<h4 style=\"text-align: center;\"><em>Organizing Committee<\/em><\/h4>\n<h4 style=\"text-align: center;\">Diana Car<\/h4>\n<h4 style=\"text-align: center;\">Jelena Kne\u017eevi\u0107<\/h4>\n<h4 style=\"text-align: center;\">Mirela Leva\u010di\u0107 Cvok<\/h4>\n<h4 style=\"text-align: center;\">Vesna Musani<\/h4>\n<h4 style=\"text-align: center;\">Petar Ozreti\u0107<\/h4>\n<h4 style=\"text-align: center;\">Maja Sabol<\/h4>\n<h4 style=\"text-align: center;\">Nikolina Stojanovi\u0107<\/h4>\n<p>&nbsp;<\/p>\n","protected":false},"excerpt":{"rendered":"<p>Scientific Committee Sonja Levanat Biserka Nagy Damir Eljuga Maja Osmak Neda Slade Maja Herak Bosnar &nbsp; Organizing Committee Diana Car Jelena Kne\u017eevi\u0107 Mirela Leva\u010di\u0107 Cvok Vesna Musani Petar Ozreti\u0107 Maja Sabol Nikolina Stojanovi\u0107 &nbsp;<\/p>\n","protected":false},"author":1,"featured_media":0,"parent":0,"menu_order":2,"comment_status":"closed","ping_status":"closed","template":"","meta":{"footnotes":""},"class_list":["post-11","page","type-page","status-publish","hentry"],"_links":{"self":[{"href":"https:\/\/hdir-2.hdir.hr\/index.php?rest_route=\/wp\/v2\/pages\/11","targetHints":{"allow":["GET"]}}],"collection":[{"href":"https:\/\/hdir-2.hdir.hr\/index.php?rest_route=\/wp\/v2\/pages"}],"about":[{"href":"https:\/\/hdir-2.hdir.hr\/index.php?rest_route=\/wp\/v2\/types\/page"}],"author":[{"embeddable":true,"href":"https:\/\/hdir-2.hdir.hr\/index.php?rest_route=\/wp\/v2\/users\/1"}],"replies":[{"embeddable":true,"href":"https:\/\/hdir-2.hdir.hr\/index.php?rest_route=%2Fwp%2Fv2%2Fcomments&post=11"}],"version-history":[{"count":0,"href":"https:\/\/hdir-2.hdir.hr\/index.php?rest_route=\/wp\/v2\/pages\/11\/revisions"}],"wp:attachment":[{"href":"https:\/\/hdir-2.hdir.hr\/index.php?rest_route=%2Fwp%2Fv2%2Fmedia&parent=11"}],"curies":[{"name":"wp","href":"https:\/\/api.w.org\/{rel}","templated":true}]}}